{"id":1710,"date":"2024-05-24T20:08:54","date_gmt":"2024-05-24T20:08:54","guid":{"rendered":"https:\/\/cprlatam.site\/2024\/?page_id=1710"},"modified":"2024-05-24T20:53:32","modified_gmt":"2024-05-24T20:53:32","slug":"chamada","status":"publish","type":"page","link":"https:\/\/cprlatam.site\/2024\/pt\/chamada\/","title":{"rendered":"Chamada"},"content":{"rendered":"\t\t<div data-elementor-type=\"wp-page\" data-elementor-id=\"1710\" class=\"elementor elementor-1710\">\n\t\t\t\t<div class=\"elementor-element elementor-element-b18e71b e-flex e-con-boxed e-con e-parent\" data-id=\"b18e71b\" data-element_type=\"container\" data-e-type=\"container\">\n\t\t\t\t\t<div class=\"e-con-inner\">\n\t\t\t\t<div class=\"elementor-element elementor-element-8a11906 elementor-widget elementor-widget-heading\" data-id=\"8a11906\" data-element_type=\"widget\" data-e-type=\"widget\" data-widget_type=\"heading.default\">\n\t\t\t\t<div class=\"elementor-widget-container\">\n\t\t\t\t\t<h1 class=\"elementor-heading-title elementor-size-default\">Chamada para Submiss\u00e3o de Resumos<\/h1>\t\t\t\t<\/div>\n\t\t\t\t<\/div>\n\t\t\t\t<div class=\"elementor-element elementor-element-2ef8b29 elementor-widget elementor-widget-text-editor\" data-id=\"2ef8b29\" data-element_type=\"widget\" data-e-type=\"widget\" data-widget_type=\"text-editor.default\">\n\t\t\t\t<div class=\"elementor-widget-container\">\n\t\t\t\t\t\t\t\t\t<p>A confer\u00eancia do CPR LATAM reunir\u00e1 especialistas, acad\u00eamicos e l\u00edderes dos setores p\u00fablico e privado da Am\u00e9rica Latina e do Caribe para discutir as quest\u00f5es-chave que afetam o desenvolvimento da infraestrutura digital e ecossistemas de informa\u00e7\u00e3o na regi\u00e3o.<\/p><p>O CPR LATAM convida \u00e0 submiss\u00e3o de propostas de pesquisa e pain\u00e9is que abordem os impactos econ\u00f4micos e sociais das Tecnologias da Informa\u00e7\u00e3o e Comunica\u00e7\u00e3o (TIC) na Am\u00e9rica Latina e no Caribe.<\/p><p>Para se inscrever, \u00e9 necess\u00e1rio enviar um resumo estendido de um artigo com resultados originais e in\u00e9ditos de autoria individual ou compartilhada pelo proponente. O processo de sele\u00e7\u00e3o dos apresentadores ser\u00e1 conduzido por um comit\u00ea de avaliadores especialistas em pol\u00edticas digitais.<\/p>\t\t\t\t\t\t\t\t<\/div>\n\t\t\t\t<\/div>\n\t\t\t\t<div class=\"elementor-element elementor-element-e7fb66a elementor-widget-divider--view-line elementor-widget elementor-widget-divider\" data-id=\"e7fb66a\" data-element_type=\"widget\" data-e-type=\"widget\" data-widget_type=\"divider.default\">\n\t\t\t\t<div class=\"elementor-widget-container\">\n\t\t\t\t\t\t\t<div class=\"elementor-divider\">\n\t\t\t<span class=\"elementor-divider-separator\">\n\t\t\t\t\t\t<\/span>\n\t\t<\/div>\n\t\t\t\t\t\t<\/div>\n\t\t\t\t<\/div>\n\t\t\t\t<div class=\"elementor-element elementor-element-93901ff elementor-widget elementor-widget-heading\" data-id=\"93901ff\" data-element_type=\"widget\" data-e-type=\"widget\" data-widget_type=\"heading.default\">\n\t\t\t\t<div class=\"elementor-widget-container\">\n\t\t\t\t\t<h1 class=\"elementor-heading-title elementor-size-default\">T\u00f3picos de Interesse<\/h1>\t\t\t\t<\/div>\n\t\t\t\t<\/div>\n\t\t\t\t<div class=\"elementor-element elementor-element-f0e6237 elementor-widget elementor-widget-text-editor\" data-id=\"f0e6237\" data-element_type=\"widget\" data-e-type=\"widget\" data-widget_type=\"text-editor.default\">\n\t\t\t\t<div class=\"elementor-widget-container\">\n\t\t\t\t\t\t\t\t\t<p>A edi\u00e7\u00e3o 2024 do CPR LATAM ter\u00e1 como foco quest\u00f5es sens\u00edveis relacionadas ao uso da tecnologia na Am\u00e9rica Latina, com \u00eanfase n\u00e3o apenas em diagn\u00f3sticos, mas tamb\u00e9m em poss\u00edveis solu\u00e7\u00f5es em termos de pol\u00edticas p\u00fablicas e desenvolvimento regulat\u00f3rio.<\/p><p>Os t\u00f3picos de interesse incluem, mas n\u00e3o se limitam a:<\/p><ul><li style=\"list-style-type: none;\"><ul><li style=\"list-style-type: none;\"><ul><li>Impacto da IA, Pol\u00edticas e Regula\u00e7\u00e3o<\/li><li>Dados para o Desenvolvimento (D4D)<\/li><li>Brecha Digital<\/li><li>Pol\u00edticas Digitais para o Desenvolvimento (TIC para o Desenvolvimento)<\/li><li>Servi\u00e7os Digitais e Prote\u00e7\u00e3o de Dados Pessoais<\/li><li>Tributa\u00e7\u00e3o nos Mercados Digitais<\/li><li>Pol\u00edtica Concorrencial no Ecossistema Digital<\/li><li>Quest\u00f5es de G\u00eanero no Ecossistema Digital<\/li><li>Pol\u00edticas e Regula\u00e7\u00e3o de TICs Impulsionadas pela Inova\u00e7\u00e3o<\/li><li>Liberdade de Express\u00e3o na Internet<\/li><li>Privacidade e Vigil\u00e2ncia<\/li><li>Impacto Social e Econ\u00f4mico do<\/li><li>Ecossistema Digital<\/li><\/ul><\/li><\/ul><\/li><\/ul>\t\t\t\t\t\t\t\t<\/div>\n\t\t\t\t<\/div>\n\t\t\t\t\t<\/div>\n\t\t\t\t<\/div>\n\t\t<div class=\"elementor-element elementor-element-0d9398a e-flex e-con-boxed e-con e-parent\" data-id=\"0d9398a\" data-element_type=\"container\" data-e-type=\"container\">\n\t\t\t\t\t<div class=\"e-con-inner\">\n\t\t\t\t<div class=\"elementor-element elementor-element-5928273 elementor-align-center elementor-widget elementor-widget-button\" data-id=\"5928273\" data-element_type=\"widget\" data-e-type=\"widget\" data-widget_type=\"button.default\">\n\t\t\t\t<div class=\"elementor-widget-container\">\n\t\t\t\t\t\t\t\t\t<div class=\"elementor-button-wrapper\">\n\t\t\t\t\t<a class=\"elementor-button elementor-button-link elementor-size-sm\" href=\"https:\/\/docs.google.com\/document\/d\/17A0whBBr5XB3ZU-_qdLrc-zKaeFyeHJwWnhh_baBE1I\/edit?usp=sharing\" target=\"_blank\">\n\t\t\t\t\t\t<span class=\"elementor-button-content-wrapper\">\n\t\t\t\t\t\t<span class=\"elementor-button-icon\">\n\t\t\t\t<svg aria-hidden=\"true\" class=\"e-font-icon-svg e-fas-chevron-circle-right\" viewBox=\"0 0 512 512\" xmlns=\"http:\/\/www.w3.org\/2000\/svg\"><path d=\"M256 8c137 0 248 111 248 248S393 504 256 504 8 393 8 256 119 8 256 8zm113.9 231L234.4 103.5c-9.4-9.4-24.6-9.4-33.9 0l-17 17c-9.4 9.4-9.4 24.6 0 33.9L285.1 256 183.5 357.6c-9.4 9.4-9.4 24.6 0 33.9l17 17c9.4 9.4 24.6 9.4 33.9 0L369.9 273c9.4-9.4 9.4-24.6 0-34z\"><\/path><\/svg>\t\t\t<\/span>\n\t\t\t\t\t\t\t\t\t<span class=\"elementor-button-text\">Mais informa\u00e7\u00f5es<\/span>\n\t\t\t\t\t<\/span>\n\t\t\t\t\t<\/a>\n\t\t\t\t<\/div>\n\t\t\t\t\t\t\t\t<\/div>\n\t\t\t\t<\/div>\n\t\t\t\t\t<\/div>\n\t\t\t\t<\/div>\n\t\t\t\t<\/div>\n\t\t","protected":false},"excerpt":{"rendered":"<p>Chamada para Submiss\u00e3o de Resumos A confer\u00eancia do CPR LATAM reunir\u00e1 especialistas, acad\u00eamicos e l\u00edderes dos setores p\u00fablico e privado da Am\u00e9rica Latina e do Caribe para discutir as quest\u00f5es-chave que afetam o desenvolvimento da infraestrutura digital e ecossistemas de informa\u00e7\u00e3o na regi\u00e3o. O CPR LATAM convida \u00e0 submiss\u00e3o de propostas de pesquisa e pain\u00e9is [&hellip;]<\/p>\n","protected":false},"author":2,"featured_media":0,"parent":0,"menu_order":0,"comment_status":"closed","ping_status":"closed","template":"","meta":{"ocean_post_layout":"","ocean_both_sidebars_style":"","ocean_both_sidebars_content_width":0,"ocean_both_sidebars_sidebars_width":0,"ocean_sidebar":"","ocean_second_sidebar":"","ocean_disable_margins":"enable","ocean_add_body_class":"","ocean_shortcode_before_top_bar":"","ocean_shortcode_after_top_bar":"","ocean_shortcode_before_header":"","ocean_shortcode_after_header":"","ocean_has_shortcode":"","ocean_shortcode_after_title":"","ocean_shortcode_before_footer_widgets":"","ocean_shortcode_after_footer_widgets":"","ocean_shortcode_before_footer_bottom":"","ocean_shortcode_after_footer_bottom":"","ocean_display_top_bar":"default","ocean_display_header":"default","ocean_header_style":"","ocean_center_header_left_menu":"","ocean_custom_header_template":"","ocean_custom_logo":0,"ocean_custom_retina_logo":0,"ocean_custom_logo_max_width":0,"ocean_custom_logo_tablet_max_width":0,"ocean_custom_logo_mobile_max_width":0,"ocean_custom_logo_max_height":0,"ocean_custom_logo_tablet_max_height":0,"ocean_custom_logo_mobile_max_height":0,"ocean_header_custom_menu":"","ocean_menu_typo_font_family":"","ocean_menu_typo_font_subset":"","ocean_menu_typo_font_size":0,"ocean_menu_typo_font_size_tablet":0,"ocean_menu_typo_font_size_mobile":0,"ocean_menu_typo_font_size_unit":"px","ocean_menu_typo_font_weight":"","ocean_menu_typo_font_weight_tablet":"","ocean_menu_typo_font_weight_mobile":"","ocean_menu_typo_transform":"","ocean_menu_typo_transform_tablet":"","ocean_menu_typo_transform_mobile":"","ocean_menu_typo_line_height":0,"ocean_menu_typo_line_height_tablet":0,"ocean_menu_typo_line_height_mobile":0,"ocean_menu_typo_line_height_unit":"","ocean_menu_typo_spacing":0,"ocean_menu_typo_spacing_tablet":0,"ocean_menu_typo_spacing_mobile":0,"ocean_menu_typo_spacing_unit":"","ocean_menu_link_color":"","ocean_menu_link_color_hover":"","ocean_menu_link_color_active":"","ocean_menu_link_background":"","ocean_menu_link_hover_background":"","ocean_menu_link_active_background":"","ocean_menu_social_links_bg":"","ocean_menu_social_hover_links_bg":"","ocean_menu_social_links_color":"","ocean_menu_social_hover_links_color":"","ocean_disable_title":"default","ocean_disable_heading":"default","ocean_post_title":"","ocean_post_subheading":"","ocean_post_title_style":"","ocean_post_title_background_color":"","ocean_post_title_background":0,"ocean_post_title_bg_image_position":"","ocean_post_title_bg_image_attachment":"","ocean_post_title_bg_image_repeat":"","ocean_post_title_bg_image_size":"","ocean_post_title_height":0,"ocean_post_title_bg_overlay":0.5,"ocean_post_title_bg_overlay_color":"","ocean_disable_breadcrumbs":"default","ocean_breadcrumbs_color":"","ocean_breadcrumbs_separator_color":"","ocean_breadcrumbs_links_color":"","ocean_breadcrumbs_links_hover_color":"","ocean_display_footer_widgets":"default","ocean_display_footer_bottom":"default","ocean_custom_footer_template":"","footnotes":""},"class_list":["post-1710","page","type-page","status-publish","hentry","entry"],"_links":{"self":[{"href":"https:\/\/cprlatam.site\/2024\/wp-json\/wp\/v2\/pages\/1710","targetHints":{"allow":["GET"]}}],"collection":[{"href":"https:\/\/cprlatam.site\/2024\/wp-json\/wp\/v2\/pages"}],"about":[{"href":"https:\/\/cprlatam.site\/2024\/wp-json\/wp\/v2\/types\/page"}],"author":[{"embeddable":true,"href":"https:\/\/cprlatam.site\/2024\/wp-json\/wp\/v2\/users\/2"}],"replies":[{"embeddable":true,"href":"https:\/\/cprlatam.site\/2024\/wp-json\/wp\/v2\/comments?post=1710"}],"version-history":[{"count":7,"href":"https:\/\/cprlatam.site\/2024\/wp-json\/wp\/v2\/pages\/1710\/revisions"}],"predecessor-version":[{"id":1757,"href":"https:\/\/cprlatam.site\/2024\/wp-json\/wp\/v2\/pages\/1710\/revisions\/1757"}],"wp:attachment":[{"href":"https:\/\/cprlatam.site\/2024\/wp-json\/wp\/v2\/media?parent=1710"}],"curies":[{"name":"wp","href":"https:\/\/api.w.org\/{rel}","templated":true}]}}